{"id":338,"date":"2021-02-26T19:07:18","date_gmt":"2021-02-26T19:07:18","guid":{"rendered":"https:\/\/feministasanticarcelarias.org\/?page_id=338"},"modified":"2021-03-30T18:03:54","modified_gmt":"2021-03-30T18:03:54","slug":"historia","status":"publish","type":"page","link":"https:\/\/feministasanticarcelarias.org\/?page_id=338","title":{"rendered":"Historia"},"content":{"rendered":"\t\t<div data-elementor-type=\"wp-page\" data-elementor-id=\"338\" class=\"elementor elementor-338\">\n\t\t\t\t\t\t<section class=\"elementor-section elementor-top-section elementor-element elementor-element-1cbdb18 elementor-section-boxed elementor-section-height-default elementor-section-height-default\" data-id=\"1cbdb18\" data-element_type=\"section\" data-e-type=\"section\">\n\t\t\t\t\t\t<div class=\"elementor-container elementor-column-gap-default\">\n\t\t\t\t\t<div class=\"elementor-column elementor-col-100 elementor-top-column elementor-element elementor-element-f887b56\" data-id=\"f887b56\" data-element_type=\"column\" data-e-type=\"column\">\n\t\t\t<div class=\"elementor-widget-wrap\">\n\t\t\t\t\t\t\t<\/div>\n\t\t<\/div>\n\t\t\t\t\t<\/div>\n\t\t<\/section>\n\t\t\t\t<section class=\"elementor-section elementor-top-section elementor-element elementor-element-25d590f elementor-section-full_width elementor-section-content-bottom elementor-section-height-default elementor-section-height-default\" data-id=\"25d590f\" data-element_type=\"section\" data-e-type=\"section\" data-settings=\"{&quot;background_background&quot;:&quot;classic&quot;}\">\n\t\t\t\t\t\t\t<div class=\"elementor-background-overlay\"><\/div>\n\t\t\t\t\t\t\t<div class=\"elementor-container elementor-column-gap-extended\">\n\t\t\t\t\t<div class=\"elementor-column elementor-col-100 elementor-top-column elementor-element elementor-element-4c54036\" data-id=\"4c54036\" data-element_type=\"column\" data-e-type=\"column\">\n\t\t\t<div class=\"elementor-widget-wrap elementor-element-populated\">\n\t\t\t\t\t\t<section class=\"elementor-section elementor-inner-section elementor-element elementor-element-9a153d9 elementor-section-boxed elementor-section-height-default elementor-section-height-default\" data-id=\"9a153d9\" data-element_type=\"section\" data-e-type=\"section\">\n\t\t\t\t\t\t<div class=\"elementor-container elementor-column-gap-default\">\n\t\t\t\t\t<div class=\"elementor-column elementor-col-50 elementor-inner-column elementor-element elementor-element-e2acf1a\" data-id=\"e2acf1a\" data-element_type=\"column\" data-e-type=\"column\">\n\t\t\t<div class=\"elementor-widget-wrap elementor-element-populated\">\n\t\t\t\t\t\t<div class=\"elementor-element elementor-element-db1a9d5 elementor-widget elementor-widget-heading\" data-id=\"db1a9d5\" data-element_type=\"widget\" data-e-type=\"widget\" data-widget_type=\"heading.default\">\n\t\t\t\t<div class=\"elementor-widget-container\">\n\t\t\t\t\t<h2 class=\"elementor-heading-title elementor-size-default\">Nuestra historia<\/h2>\t\t\t\t<\/div>\n\t\t\t\t<\/div>\n\t\t\t\t<div class=\"elementor-element elementor-element-f054d77 elementor-widget elementor-widget-text-editor\" data-id=\"f054d77\" data-element_type=\"widget\" data-e-type=\"widget\" data-widget_type=\"text-editor.default\">\n\t\t\t\t<div class=\"elementor-widget-container\">\n\t\t\t\t\t\t\t\t\t<p class=\"p1\"><span style=\"color: #000000;\"><strong><span class=\"s1\">Despu\u00e9s de <i>Primer Encuentro Feminista Latinoamericano y del Caribe sobre Justicia<\/i>\u00a0en la ciudad de Quito, Ecuador en septiembre de 2019, continuamos construyendo di\u00e1logos transfronterizos entre distintas organizaciones que confluimos en el citado encuentro, articulando esfuerzos a trav\u00e9s de di\u00e1logos digitales y webinarios. As\u00ed, decidimos fortalecer esos v\u00ednculos con la creaci\u00f3n de la Red.<\/span><\/strong><\/span><\/p><p class=\"p1\"><span style=\"color: #000000;\"><strong><span class=\"s1\">Una primera iniciativa conjunta la lanzamos en julio de 2020 con la elaboraci\u00f3n del\u00a0<i>Catastro Latinoamericano de organizaciones que trabajan con personas en reclusi\u00f3n,<\/i>\u00a0que nos permiti\u00f3 hacer un recuento de todas las organizaciones no gubernamentales que trabajan en quince pa\u00edses de Am\u00e9rica Latina. Los datos recolectados por medio de las organizaciones, muestran que en la mayor parte de los pa\u00edses de nuestro continente, las medidas de excarcelaci\u00f3n ante la pandemia por COVID-19 han sido m\u00ednimas y de poco impacto en el descongestionamiento de las c\u00e1rceles.<\/span><\/strong><\/span><\/p><p class=\"p1\"><span style=\"color: #000000;\"><strong><span class=\"s1\">La Red Feminista Anticarcelaria de Am\u00e9rica Latina est\u00e1 constituida por organizaciones de Brasil, Ecuador, Chile, Argentina y M\u00e9xico, pero esperamos que se unan m\u00e1s organizaciones feministas anticarcelarias de todas las Am\u00e9ricas. Es urgente articular esfuerzos pues la pandemia ha mostrado la profundidad de la crisis humanitaria en los sistemas punitivos. Las c\u00e1rceles y gobiernos tanto a escala nacional como local no est\u00e1n preparados para hacer frente a la pandemia.<\/span><\/strong><\/span><\/p><p class=\"p1\"><span style=\"color: #000000;\"><strong><span class=\"s1\">Ante ese panorama, invitamos a unir fuerzas para lanzar una campa\u00f1a continental de excarcelaci\u00f3n de mujeres, presos pol\u00edticos y grupos vulnerables, que ampl\u00ede el alcance de las leyes de amnist\u00eda e indultos, donde estos existan y que se promuevan las mismas en donde a\u00fan no se toma ninguna iniciativa al respecto. Proponemos que se incluya la creaci\u00f3n de programas de bienestar social y salud para las personas encarceladas y excarceladas que no est\u00e1n recibiendo ayuda estatal a pesar de vivir en condiciones de pobreza.<\/span><\/strong><\/span><\/p><p class=\"p1\"><span style=\"color: #000000;\"><strong><span class=\"s1\">Est\u00e1 p\u00e1gina web ser\u00e1 un espacio para difundir nuestras luchas y dar a conocer los testimonios, reflexiones y demandas de las mujeres que sufren sobre sus cuerpos la violencia de los estados penales.<\/span><\/strong><\/span><\/p>\t\t\t\t\t\t\t\t<\/div>\n\t\t\t\t<\/div>\n\t\t\t\t\t<\/div>\n\t\t<\/div>\n\t\t\t\t<div class=\"elementor-column elementor-col-50 elementor-inner-column elementor-element elementor-element-af21096\" data-id=\"af21096\" data-element_type=\"column\" data-e-type=\"column\">\n\t\t\t<div class=\"elementor-widget-wrap elementor-element-populated\">\n\t\t\t\t\t\t<div class=\"elementor-element elementor-element-d5aff9e elementor-widget elementor-widget-image\" data-id=\"d5aff9e\" data-element_type=\"widget\" data-e-type=\"widget\" data-widget_type=\"image.default\">\n\t\t\t\t<div class=\"elementor-widget-container\">\n\t\t\t\t\t\t\t\t\t\t\t\t\t\t\t<img fetchpriority=\"high\" decoding=\"async\" width=\"576\" height=\"1024\" src=\"https:\/\/feministasanticarcelarias.org\/wp-content\/uploads\/2021\/03\/EnTREyMUYAAkQQG-576x1024.jpg\" class=\"attachment-large size-large wp-image-443\" alt=\"\" srcset=\"https:\/\/feministasanticarcelarias.org\/wp-content\/uploads\/2021\/03\/EnTREyMUYAAkQQG-576x1024.jpg 576w, https:\/\/feministasanticarcelarias.org\/wp-content\/uploads\/2021\/03\/EnTREyMUYAAkQQG-169x300.jpg 169w, https:\/\/feministasanticarcelarias.org\/wp-content\/uploads\/2021\/03\/EnTREyMUYAAkQQG.jpg 675w\" sizes=\"(max-width: 576px) 100vw, 576px\" \/>\t\t\t\t\t\t\t\t\t\t\t\t\t\t\t<\/div>\n\t\t\t\t<\/div>\n\t\t\t\t\t<\/div>\n\t\t<\/div>\n\t\t\t\t\t<\/div>\n\t\t<\/section>\n\t\t\t\t<div class=\"elementor-element elementor-element-917be01 elementor-widget elementor-widget-image\" data-id=\"917be01\" data-element_type=\"widget\" data-e-type=\"widget\" data-widget_type=\"image.default\">\n\t\t\t\t<div class=\"elementor-widget-container\">\n\t\t\t\t\t\t\t\t\t\t\t\t\t\t\t<img decoding=\"async\" width=\"768\" height=\"1024\" src=\"https:\/\/feministasanticarcelarias.org\/wp-content\/uploads\/2021\/03\/WhatsApp-Image-2020-11-17-at-08.15.29-768x1024.jpeg\" class=\"attachment-medium_large size-medium_large wp-image-442\" alt=\"\" srcset=\"https:\/\/feministasanticarcelarias.org\/wp-content\/uploads\/2021\/03\/WhatsApp-Image-2020-11-17-at-08.15.29-768x1024.jpeg 768w, https:\/\/feministasanticarcelarias.org\/wp-content\/uploads\/2021\/03\/WhatsApp-Image-2020-11-17-at-08.15.29-225x300.jpeg 225w, https:\/\/feministasanticarcelarias.org\/wp-content\/uploads\/2021\/03\/WhatsApp-Image-2020-11-17-at-08.15.29.jpeg 960w\" sizes=\"(max-width: 768px) 100vw, 768px\" \/>\t\t\t\t\t\t\t\t\t\t\t\t\t\t\t<\/div>\n\t\t\t\t<\/div>\n\t\t\t\t\t<\/div>\n\t\t<\/div>\n\t\t\t\t\t<\/div>\n\t\t<\/section>\n\t\t\t\t<\/div>\n\t\t","protected":false},"excerpt":{"rendered":"<p>Nuestra historia Despu\u00e9s de Primer Encuentro Feminista Latinoamericano y del Caribe sobre Justicia\u00a0en la ciudad de Quito, Ecuador en septiembre de 2019, continuamos construyendo di\u00e1logos transfronterizos entre distintas organizaciones que &#8230; <a title=\"Historia\" class=\"read-more\" href=\"https:\/\/feministasanticarcelarias.org\/?page_id=338\" aria-label=\"Leer m\u00e1s sobre Historia\">Leer m\u00e1s<\/a><\/p>\n","protected":false},"author":1,"featured_media":0,"parent":0,"menu_order":0,"comment_status":"closed","ping_status":"closed","template":"elementor_header_footer","meta":{"_monsterinsights_skip_tracking":false,"_monsterinsights_sitenote_active":false,"_monsterinsights_sitenote_note":"","_monsterinsights_sitenote_category":0,"footnotes":""},"class_list":["post-338","page","type-page","status-publish"],"_links":{"self":[{"href":"https:\/\/feministasanticarcelarias.org\/index.php?rest_route=\/wp\/v2\/pages\/338","targetHints":{"allow":["GET"]}}],"collection":[{"href":"https:\/\/feministasanticarcelarias.org\/index.php?rest_route=\/wp\/v2\/pages"}],"about":[{"href":"https:\/\/feministasanticarcelarias.org\/index.php?rest_route=\/wp\/v2\/types\/page"}],"author":[{"embeddable":true,"href":"https:\/\/feministasanticarcelarias.org\/index.php?rest_route=\/wp\/v2\/users\/1"}],"replies":[{"embeddable":true,"href":"https:\/\/feministasanticarcelarias.org\/index.php?rest_route=%2Fwp%2Fv2%2Fcomments&post=338"}],"version-history":[{"count":13,"href":"https:\/\/feministasanticarcelarias.org\/index.php?rest_route=\/wp\/v2\/pages\/338\/revisions"}],"predecessor-version":[{"id":720,"href":"https:\/\/feministasanticarcelarias.org\/index.php?rest_route=\/wp\/v2\/pages\/338\/revisions\/720"}],"wp:attachment":[{"href":"https:\/\/feministasanticarcelarias.org\/index.php?rest_route=%2Fwp%2Fv2%2Fmedia&parent=338"}],"curies":[{"name":"wp","href":"https:\/\/api.w.org\/{rel}","templated":true}]}}